{"id":753,"date":"2020-02-17T20:11:51","date_gmt":"2020-02-17T19:11:51","guid":{"rendered":"http:\/\/ballschule.tsv-birkenau.de\/?page_id=753"},"modified":"2025-07-26T10:55:05","modified_gmt":"2025-07-26T09:55:05","slug":"u3-eltern-kind-turnen","status":"publish","type":"page","link":"https:\/\/ballschule.tsv-birkenau.de\/index.php\/u3-eltern-kind-turnen","title":{"rendered":"Eltern-Kind-Turnen"},"content":{"rendered":"\n<figure class=\"wp-block-image\"><img loading=\"lazy\" decoding=\"async\" width=\"1024\" height=\"326\" src=\"http:\/\/ballschule.tsv-birkenau.de\/wp-content\/upload\/Capture-4-1024x326.jpg\" alt=\"\" class=\"wp-image-769\" srcset=\"https:\/\/ballschule.tsv-birkenau.de\/wp-content\/upload\/Capture-4-1024x326.jpg 1024w, https:\/\/ballschule.tsv-birkenau.de\/wp-content\/upload\/Capture-4-300x96.jpg 300w, https:\/\/ballschule.tsv-birkenau.de\/wp-content\/upload\/Capture-4-768x245.jpg 768w, https:\/\/ballschule.tsv-birkenau.de\/wp-content\/upload\/Capture-4.jpg 1742w\" sizes=\"(max-width: 767px) 89vw, (max-width: 1000px) 54vw, (max-width: 1071px) 543px, 580px\" \/><\/figure>\n\n\n<div class=\"wp-block-image\">\n<figure class=\"aligncenter is-resized\"><img loading=\"lazy\" decoding=\"async\" width=\"499\" height=\"499\" src=\"http:\/\/ballschule.tsv-birkenau.de\/wp-content\/upload\/tigerkinder-1.jpg\" alt=\"\" class=\"wp-image-774\" style=\"width:188px;height:188px\" srcset=\"https:\/\/ballschule.tsv-birkenau.de\/wp-content\/upload\/tigerkinder-1.jpg 499w, https:\/\/ballschule.tsv-birkenau.de\/wp-content\/upload\/tigerkinder-1-150x150.jpg 150w, https:\/\/ballschule.tsv-birkenau.de\/wp-content\/upload\/tigerkinder-1-300x300.jpg 300w, https:\/\/ballschule.tsv-birkenau.de\/wp-content\/upload\/tigerkinder-1-100x100.jpg 100w\" sizes=\"(max-width: 499px) 100vw, 499px\" \/><\/figure><\/div>\n\n\n<p>Die Birkenauer Bewegungsschule bietet eine Bewegungsgruppe f\u00fcr Kinder von zwei bis vier Jahren an. <\/p>\n\n\n\n<p class=\"has-text-align-center has-vivid-cyan-blue-color has-text-color\">Unsere Stunden finden<br>Freitags<br>von 16.00 Uhr bis 16.45 Uhr<br>in der <br>Grundschulsporthalle Birkenau<br>statt <\/p>\n\n\n\n<p><strong>(Im Moment sind alle Pl\u00e4tze f\u00fcr das Eltern-Kind-Turnen belegt.  Sie k\u00f6nnen sich aber gerne auf unsere Warteliste setzten lassen. Unsere Kontaktdaten finden sie <a href=\"http:\/\/ballschule.tsv-birkenau.de\/index.php\/ballschulteam\">hier<\/a>. )<\/strong><\/p>\n\n\n\n<p>Die als Eltern-Kind-Turnen geplanten Stunden sollen den Kindern erste Bewegungserfahrungen bieten.<\/p>\n\n\n\n<p>Gemeinsam mit Mama, Papa oder einer anderen Begleitung d\u00fcrfen dann auch die Kleinsten spannende Bewegungslandschaften erkunden.<\/p>\n\n\n\n<p>Die Eltern-Kind-Stunden der Tigerkinder orientieren sich an den f\u00fcnf Modulen der Birkenauer Bewegungsschule. <\/p>\n\n\n\n<figure class=\"wp-block-image is-resized\"><img loading=\"lazy\" decoding=\"async\" width=\"545\" height=\"1024\" src=\"http:\/\/ballschule.tsv-birkenau.de\/wp-content\/upload\/Capture-2-545x1024.jpg\" alt=\"\" class=\"wp-image-759\" style=\"width:273px;height:512px\"\/><\/figure>\n","protected":false},"excerpt":{"rendered":"<p>Die Birkenauer Bewegungsschule bietet eine Bewegungsgruppe f\u00fcr Kinder von zwei bis vier Jahren an. Unsere Stunden findenFreitagsvon 16.00 Uhr bis 16.45 Uhrin der Grundschulsporthalle Birkenaustatt (Im Moment sind alle Pl\u00e4tze f\u00fcr das Eltern-Kind-Turnen belegt. Sie k\u00f6nnen sich aber gerne auf unsere Warteliste setzten lassen. Unsere Kontaktdaten finden sie hier. ) Die als Eltern-Kind-Turnen geplanten Stunden &hellip; <\/p>\n<p class=\"link-more\"><a href=\"https:\/\/ballschule.tsv-birkenau.de\/index.php\/u3-eltern-kind-turnen\" class=\"more-link\"><span class=\"screen-reader-text\">\u201eEltern-Kind-Turnen\u201c<\/span> weiterlesen<\/a><\/p>\n","protected":false},"author":14,"featured_media":0,"parent":0,"menu_order":3,"comment_status":"closed","ping_status":"closed","template":"","meta":{"footnotes":""},"_links":{"self":[{"href":"https:\/\/ballschule.tsv-birkenau.de\/index.php\/wp-json\/wp\/v2\/pages\/753"}],"collection":[{"href":"https:\/\/ballschule.tsv-birkenau.de\/index.php\/wp-json\/wp\/v2\/pages"}],"about":[{"href":"https:\/\/ballschule.tsv-birkenau.de\/index.php\/wp-json\/wp\/v2\/types\/page"}],"author":[{"embeddable":true,"href":"https:\/\/ballschule.tsv-birkenau.de\/index.php\/wp-json\/wp\/v2\/users\/14"}],"replies":[{"embeddable":true,"href":"https:\/\/ballschule.tsv-birkenau.de\/index.php\/wp-json\/wp\/v2\/comments?post=753"}],"version-history":[{"count":15,"href":"https:\/\/ballschule.tsv-birkenau.de\/index.php\/wp-json\/wp\/v2\/pages\/753\/revisions"}],"predecessor-version":[{"id":1038,"href":"https:\/\/ballschule.tsv-birkenau.de\/index.php\/wp-json\/wp\/v2\/pages\/753\/revisions\/1038"}],"wp:attachment":[{"href":"https:\/\/ballschule.tsv-birkenau.de\/index.php\/wp-json\/wp\/v2\/media?parent=753"}],"curies":[{"name":"wp","href":"https:\/\/api.w.org\/{rel}","templated":true}]}}